{"id":17455,"date":"2020-12-07T13:45:44","date_gmt":"2020-12-07T12:45:44","guid":{"rendered":"https:\/\/eneffpilot.web.uah.es\/?page_id=17455"},"modified":"2024-11-12T11:38:27","modified_gmt":"2024-11-12T10:38:27","slug":"politica-de-privacidad","status":"publish","type":"page","link":"https:\/\/putdr2test.web.uah.es\/en\/politica-de-privacidad\/","title":{"rendered":"Pol\u00edtica de Privacidad"},"content":{"rendered":"<p>[vc_row row_type=&#8221;row&#8221; type=&#8221;full_width&#8221; in_content_menu=&#8221;&#8221; text_align=&#8221;left&#8221; css_animation=&#8221;&#8221; css=&#8221;.vc_custom_1607344656154{margin-top: 100px !important;}&#8221;][vc_column][vc_column_text]<\/p>\n<h3 style=\"text-align: center;\">POL\u00cdTICA DE PRIVACIDAD<\/h3>\n<p>[\/vc_column_text][\/vc_column][\/vc_row][vc_row row_type=&#8221;row&#8221; type=&#8221;full_width&#8221; in_content_menu=&#8221;&#8221; text_align=&#8221;left&#8221; css_animation=&#8221;&#8221; css=&#8221;.vc_custom_1607345287060{margin-top: 40px !important;margin-bottom: 40px !important;}&#8221;][vc_column][vc_column_text]<strong>4. POL\u00cdTICA DE PRIVACIDAD. PROTECCI\u00d3N DE DATOS<\/strong>:<\/p>\n<p><strong>4.1. Finalidad de los datos recabados y CONSENTIMIENTO al tratamiento.-<\/strong><\/p>\n<p>Se informa al USUARIO que, mediante los formularios del cuestionario Benchmark, se recaban datos, con la exclusiva finalidad de generar un benchmark o patr\u00f3n de comportamiento y consume an\u00f3nimo. Los campos marcados como de cumplimentaci\u00f3n obligatoria, son imprescindibles para realizar la finalidad expresada.<\/p>\n<p>\u00danicamente <strong>putdr2test.web.uah.es<\/strong> tendr\u00e1 acceso a sus datos, y bajo ning\u00fan concepto, estos datos ser\u00e1n cedidos, compartidos, transferidos, ni vendidos a ning\u00fan tercero.<\/p>\n<p>La aceptaci\u00f3n de la pol\u00edtica de privacidad, mediante el procedimiento establecido de doble opt-in,\u00a0 se entender\u00e1 a todos los efectos como la prestaci\u00f3n de consentimiento inequ\u00edvoco\u00a0del USUARIO al tratamiento de los datos de car\u00e1cter personal en los t\u00e9rminos que se exponen en el presente documento, as\u00ed como a la transferencia internacional de datos que se produce, exclusivamente debido a la ubicaci\u00f3n f\u00edsica de las instalaciones de los proveedores de servicios y encargados del tratamiento de datos que se dir\u00e1n en el punto <strong>4.9.<\/strong><\/p>\n<p><strong>4.2. Cumplimiento de la normativa de aplicaci\u00f3n.-<\/strong><\/p>\n<p><strong>Eneffpilot.web.uah.es<\/strong>\u00a0cumple con las directrices del Reglamento (UE)\u00a02016\/679 General de Protecci\u00f3n de Datos (RGPD) y de la Ley Org\u00e1nica 3\/2018 de 5 de diciembre de Protecci\u00f3n de Datos Personales y garant\u00eda de los derechos digitales (LOPDGDD), velando por garantizar un correcto uso y tratamiento de los datos personales del usuario.<\/p>\n<p>Asimismo, <strong>putdr2test.web.uah.es<\/strong> informa que da cumplimiento a la Ley 34\/2002 de 11 de julio, de Servicios de la Sociedad de la Informaci\u00f3n y el Comercio Electr\u00f3nico y le solicitar\u00e1 su consentimiento al USUARIO\u00a0para el tratamiento de su correo electr\u00f3nico con fines comerciales en cada momento.<\/p>\n<p><strong>4.3. Derechos del interesado.-<\/strong><\/p>\n<p>Le informamos que los datos suministrados, ser\u00e1n\u00a0tratados para la finalidad expuesta de generaci\u00f3n de benchmark y patrones de comportamiento la cual apoya al proyecto en la validaci\u00f3n de la tecnolog\u00eda propuesta.<\/p>\n<p>Como interesado, est\u00e1 facultado para ejercitar los siguientes derechos que la normativa en materia de protecci\u00f3n de datos le\u00a0reconoce de forma expresa, conforme a lo previsto en la misma:<\/p>\n<p>\u2013 Derecho de ACCESO a sus datos personales.<\/p>\n<p>\u2013 Derecho de solicitar la RECTIFICACI\u00d3N de los datos inexactos.<\/p>\n<p>\u2013 Derecho de solicitar la SUPRESI\u00d3N de sus datos, cuando, entre otros motivos, los datos ya no sean necesarios para los fines que fueron recogidos.<\/p>\n<p>\u2013 En determinadas circunstancias, podr\u00e1 solicitar la LIMITACI\u00d3N DEL TRATAMIENTO de sus datos, en cuyo caso \u00fanicamente los conservaremos para el ejercicio o la defensa de reclamaciones.<\/p>\n<p>\u2013 En determinadas circunstancias y por motivos relacionados con su situaci\u00f3n particular, podr\u00e1 ejercitar su\u00a0derecho de OPOSICI\u00d3N al tratamiento de sus datos. Dejaremos de tratar los datos, salvo por motivos leg\u00edtimos imperiosos, o el ejercicio o la defensa de posibles reclamaciones.<\/p>\n<p>\u2013 En determinadas circunstancias y por motivos relacionados con su situaci\u00f3n particular, podr\u00e1 solicitar su derecho a la PORTABILIDAD de los datos. Se trata de un derecho complementario al derecho de acceso, ya que permite obtener los datos que nos ha proporcionado en un formato estructurado, de uso com\u00fan y de lectura mec\u00e1nica, pudiendo ser transmitidos de forma directa a otra entidad previa petici\u00f3n del Interesado.<\/p>\n<p>Podr\u00e1 ejercer tales derechos,\u00a0solicitando por cualquier medio que deje constancia de su env\u00edo y de su recepci\u00f3n, expresando claramente su voluntad en tal sentido y, en su caso, acompa\u00f1ando copia del DNI y\/o cualquier otra documentaci\u00f3n acreditativa de tu identidad, dirigi\u00e9ndote a la direcci\u00f3n de correo electr\u00f3nico antes indicada,\u00a0 o a la direcci\u00f3n postal anteriormente indicada.<\/p>\n<p>Adem\u00e1s, en caso de que considere que se ha vulnerado cualquiera de tus derechos, como interesado, est\u00e1 facultado para presentar una reclamaci\u00f3n ante la Agencia Espa\u00f1ola de Protecci\u00f3n de Datos (AEPD), sita en C\/ Jorge Juan, 6, 28001-Madrid <a href=\"https:\/\/www.aepd.es\/\" target=\"_blank\" rel=\"noopener noreferrer\">https:\/\/www.aepd.es\/<\/a> o a trav\u00e9s de la sede electr\u00f3nica de la AEPD: <a href=\"https:\/\/sedeagpd.gob.es\/sede-electronica-web\/\" target=\"_blank\" rel=\"noopener noreferrer\">https:\/\/sedeagpd.gob.es\/sede-electronica-web\/<\/a>.<\/p>\n<p><strong>4.4.\u00a0Links<\/strong><\/p>\n<p>Como servicio a nuestros visitantes, nuestro sitio web puede incluir hiperv\u00ednculos a otros sitios que no son operados o controlados por <strong>putdr2test.web.uah.es<\/strong>. Por ello <strong>putdr2test.web.uah.es<\/strong> no garantiza, ni se hace responsable de la licitud, fiabilidad, utilidad, veracidad y actualidad de los contenidos de tales sitios web o de sus pr\u00e1cticas de privacidad. Por favor, antes de proporcionar su informaci\u00f3n personal a estos sitios web ajenos a <strong>putdr2test.web.uah.es<\/strong>, tenga en cuenta que sus pr\u00e1cticas de privacidad pueden diferir de las nuestras.<\/p>\n<p><strong>4.5.\u00a0 Pol\u00edtica de \u00abCookies\u00bb<\/strong><\/p>\n<p><strong>Eneffpilot.web.uah.es<\/strong> utiliza diversos tipos de cookies (t\u00e9cnicas, y anal\u00edticas) \u00fanicamente con la finalidad de mejorar la navegaci\u00f3n del usuario en el sitio web, sin ning\u00fan tipo de objeto publicitario o similar, para el an\u00e1lisis y elaboraci\u00f3n de estad\u00edsticas de la navegaci\u00f3n que el USUARIO realiza en el sitio web. <em>Para saber m\u00e1s visita nuestra \u2018<a href=\"https:\/\/putdr2test.web.uah.es\/politica-de-cookies\/\" target=\"_blank\" rel=\"noopener noreferrer\">Pol\u00edtica de cookies<\/a>\u2019<\/em>.<\/p>\n<p><strong>4.7. Menores de edad<\/strong><\/p>\n<p>La web de <strong>putdr2test.web.uah.es<\/strong> no se dirige a menores de edad. El titular de la web\u00a0declina cualquier responsabilidad por el incumplimiento de este requisito.<\/p>\n<p><strong>4.8. Modificaci\u00f3n de la Pol\u00edtica de Privacidad<\/strong><\/p>\n<p><strong>Eneffpilot.web.uah.es<\/strong> se reserva el derecho a modificar su Pol\u00edtica de Privacidad, de acuerdo a su propio criterio, motivado por un cambio legislativo, jurisprudencial o doctrinal de la Agencia Espa\u00f1ola de Protecci\u00f3n de Datos.<br \/>\nCualquier modificaci\u00f3n de la Pol\u00edtica de Privacidad ser\u00e1 publicada al menos diez d\u00edas antes de su efectiva aplicaci\u00f3n. El uso de la Web despu\u00e9s de dichos cambios, implicar\u00e1 la aceptaci\u00f3n de los mismos.<\/p>\n<p><strong>4.9. Responsable del fichero, y encargados del tratamiento.-<\/strong><\/p>\n<p>Los responsables del tratamiento son Esther Palomar y Carlos Cruz garantizan el cumplimiento de las disposiciones normativas de aplicaci\u00f3n en materia de protecci\u00f3n de datos.[\/vc_column_text][\/vc_column][\/vc_row]<\/p>\n","protected":false},"excerpt":{"rendered":"<p>[vc_row row_type=&#8221;row&#8221; type=&#8221;full_width&#8221; in_content_menu=&#8221;&#8221; text_align=&#8221;left&#8221; css_animation=&#8221;&#8221; css=&#8221;.vc_custom_1607344656154{margin-top: 100px !important;}&#8221;][vc_column][vc_column_text] POL\u00cdTICA DE PRIVACIDAD [\/vc_column_text][\/vc_column][\/vc_row][vc_row row_type=&#8221;row&#8221; type=&#8221;full_width&#8221; in_content_menu=&#8221;&#8221; text_align=&#8221;left&#8221; css_animation=&#8221;&#8221; css=&#8221;.vc_custom_1607345287060{margin-top: 40px !important;margin-bottom: 40px !important;}&#8221;][vc_column][vc_column_text]4. POL\u00cdTICA DE PRIVACIDAD. PROTECCI\u00d3N DE DATOS: 4.1. Finalidad de los datos recabados y CONSENTIMIENTO al tratamiento.- Se informa al USUARIO que, mediante&#8230;<\/p>\n","protected":false},"author":3,"featured_media":0,"parent":0,"menu_order":0,"comment_status":"closed","ping_status":"closed","template":"","meta":{"footnotes":""},"class_list":["post-17455","page","type-page","status-publish","hentry"],"yoast_head":"<!-- This site is optimized with the Yoast SEO plugin v27.3 - https:\/\/yoast.com\/product\/yoast-seo-wordpress\/ -->\n<title>Pol\u00edtica de Privacidad - PUTDR2TEST<\/title>\n<meta name=\"robots\" content=\"noindex, nofollow\" \/>\n<meta property=\"og:locale\" content=\"en_US\" \/>\n<meta property=\"og:type\" content=\"article\" \/>\n<meta property=\"og:title\" content=\"Pol\u00edtica de Privacidad - PUTDR2TEST\" \/>\n<meta property=\"og:description\" content=\"[vc_row row_type=&#8221;row&#8221; type=&#8221;full_width&#8221; in_content_menu=&#8221;&#8221; text_align=&#8221;left&#8221; css_animation=&#8221;&#8221; css=&#8221;.vc_custom_1607344656154{margin-top: 100px !important;}&#8221;][vc_column][vc_column_text] POL\u00cdTICA DE PRIVACIDAD [\/vc_column_text][\/vc_column][\/vc_row][vc_row row_type=&#8221;row&#8221; type=&#8221;full_width&#8221; in_content_menu=&#8221;&#8221; text_align=&#8221;left&#8221; css_animation=&#8221;&#8221; css=&#8221;.vc_custom_1607345287060{margin-top: 40px !important;margin-bottom: 40px !important;}&#8221;][vc_column][vc_column_text]4. POL\u00cdTICA DE PRIVACIDAD. PROTECCI\u00d3N DE DATOS: 4.1. Finalidad de los datos recabados y CONSENTIMIENTO al tratamiento.- Se informa al USUARIO que, mediante...\" \/>\n<meta property=\"og:url\" content=\"https:\/\/putdr2test.web.uah.es\/en\/politica-de-privacidad\/\" \/>\n<meta property=\"og:site_name\" content=\"PUTDR2TEST\" \/>\n<meta property=\"article:modified_time\" content=\"2024-11-12T10:38:27+00:00\" \/>\n<meta name=\"twitter:card\" content=\"summary_large_image\" \/>\n<meta name=\"twitter:label1\" content=\"Est. reading time\" \/>\n\t<meta name=\"twitter:data1\" content=\"5 minutes\" \/>\n<script type=\"application\/ld+json\" class=\"yoast-schema-graph\">{\"@context\":\"https:\\\/\\\/schema.org\",\"@graph\":[{\"@type\":\"WebPage\",\"@id\":\"https:\\\/\\\/putdr2test.web.uah.es\\\/en\\\/politica-de-privacidad\\\/\",\"url\":\"https:\\\/\\\/putdr2test.web.uah.es\\\/en\\\/politica-de-privacidad\\\/\",\"name\":\"Pol\u00edtica de Privacidad - PUTDR2TEST\",\"isPartOf\":{\"@id\":\"https:\\\/\\\/putdr2test.web.uah.es\\\/en\\\/#website\"},\"datePublished\":\"2020-12-07T12:45:44+00:00\",\"dateModified\":\"2024-11-12T10:38:27+00:00\",\"breadcrumb\":{\"@id\":\"https:\\\/\\\/putdr2test.web.uah.es\\\/en\\\/politica-de-privacidad\\\/#breadcrumb\"},\"inLanguage\":\"en-US\",\"potentialAction\":[{\"@type\":\"ReadAction\",\"target\":[\"https:\\\/\\\/putdr2test.web.uah.es\\\/en\\\/politica-de-privacidad\\\/\"]}]},{\"@type\":\"BreadcrumbList\",\"@id\":\"https:\\\/\\\/putdr2test.web.uah.es\\\/en\\\/politica-de-privacidad\\\/#breadcrumb\",\"itemListElement\":[{\"@type\":\"ListItem\",\"position\":1,\"name\":\"Portada\",\"item\":\"https:\\\/\\\/putdr2test.web.uah.es\\\/en\\\/\"},{\"@type\":\"ListItem\",\"position\":2,\"name\":\"Pol\u00edtica de Privacidad\"}]},{\"@type\":\"WebSite\",\"@id\":\"https:\\\/\\\/putdr2test.web.uah.es\\\/en\\\/#website\",\"url\":\"https:\\\/\\\/putdr2test.web.uah.es\\\/en\\\/\",\"name\":\"PUTDR2TEST\",\"description\":\"PUTDR2TEST\",\"potentialAction\":[{\"@type\":\"SearchAction\",\"target\":{\"@type\":\"EntryPoint\",\"urlTemplate\":\"https:\\\/\\\/putdr2test.web.uah.es\\\/en\\\/?s={search_term_string}\"},\"query-input\":{\"@type\":\"PropertyValueSpecification\",\"valueRequired\":true,\"valueName\":\"search_term_string\"}}],\"inLanguage\":\"en-US\"}]}<\/script>\n<!-- \/ Yoast SEO plugin. -->","yoast_head_json":{"title":"Pol\u00edtica de Privacidad - PUTDR2TEST","robots":{"index":"noindex","follow":"nofollow"},"og_locale":"en_US","og_type":"article","og_title":"Pol\u00edtica de Privacidad - PUTDR2TEST","og_description":"[vc_row row_type=&#8221;row&#8221; type=&#8221;full_width&#8221; in_content_menu=&#8221;&#8221; text_align=&#8221;left&#8221; css_animation=&#8221;&#8221; css=&#8221;.vc_custom_1607344656154{margin-top: 100px !important;}&#8221;][vc_column][vc_column_text] POL\u00cdTICA DE PRIVACIDAD [\/vc_column_text][\/vc_column][\/vc_row][vc_row row_type=&#8221;row&#8221; type=&#8221;full_width&#8221; in_content_menu=&#8221;&#8221; text_align=&#8221;left&#8221; css_animation=&#8221;&#8221; css=&#8221;.vc_custom_1607345287060{margin-top: 40px !important;margin-bottom: 40px !important;}&#8221;][vc_column][vc_column_text]4. POL\u00cdTICA DE PRIVACIDAD. PROTECCI\u00d3N DE DATOS: 4.1. Finalidad de los datos recabados y CONSENTIMIENTO al tratamiento.- Se informa al USUARIO que, mediante...","og_url":"https:\/\/putdr2test.web.uah.es\/en\/politica-de-privacidad\/","og_site_name":"PUTDR2TEST","article_modified_time":"2024-11-12T10:38:27+00:00","twitter_card":"summary_large_image","twitter_misc":{"Est. reading time":"5 minutes"},"schema":{"@context":"https:\/\/schema.org","@graph":[{"@type":"WebPage","@id":"https:\/\/putdr2test.web.uah.es\/en\/politica-de-privacidad\/","url":"https:\/\/putdr2test.web.uah.es\/en\/politica-de-privacidad\/","name":"Pol\u00edtica de Privacidad - PUTDR2TEST","isPartOf":{"@id":"https:\/\/putdr2test.web.uah.es\/en\/#website"},"datePublished":"2020-12-07T12:45:44+00:00","dateModified":"2024-11-12T10:38:27+00:00","breadcrumb":{"@id":"https:\/\/putdr2test.web.uah.es\/en\/politica-de-privacidad\/#breadcrumb"},"inLanguage":"en-US","potentialAction":[{"@type":"ReadAction","target":["https:\/\/putdr2test.web.uah.es\/en\/politica-de-privacidad\/"]}]},{"@type":"BreadcrumbList","@id":"https:\/\/putdr2test.web.uah.es\/en\/politica-de-privacidad\/#breadcrumb","itemListElement":[{"@type":"ListItem","position":1,"name":"Portada","item":"https:\/\/putdr2test.web.uah.es\/en\/"},{"@type":"ListItem","position":2,"name":"Pol\u00edtica de Privacidad"}]},{"@type":"WebSite","@id":"https:\/\/putdr2test.web.uah.es\/en\/#website","url":"https:\/\/putdr2test.web.uah.es\/en\/","name":"PUTDR2TEST","description":"PUTDR2TEST","potentialAction":[{"@type":"SearchAction","target":{"@type":"EntryPoint","urlTemplate":"https:\/\/putdr2test.web.uah.es\/en\/?s={search_term_string}"},"query-input":{"@type":"PropertyValueSpecification","valueRequired":true,"valueName":"search_term_string"}}],"inLanguage":"en-US"}]}},"_links":{"self":[{"href":"https:\/\/putdr2test.web.uah.es\/en\/wp-json\/wp\/v2\/pages\/17455","targetHints":{"allow":["GET"]}}],"collection":[{"href":"https:\/\/putdr2test.web.uah.es\/en\/wp-json\/wp\/v2\/pages"}],"about":[{"href":"https:\/\/putdr2test.web.uah.es\/en\/wp-json\/wp\/v2\/types\/page"}],"author":[{"embeddable":true,"href":"https:\/\/putdr2test.web.uah.es\/en\/wp-json\/wp\/v2\/users\/3"}],"replies":[{"embeddable":true,"href":"https:\/\/putdr2test.web.uah.es\/en\/wp-json\/wp\/v2\/comments?post=17455"}],"version-history":[{"count":5,"href":"https:\/\/putdr2test.web.uah.es\/en\/wp-json\/wp\/v2\/pages\/17455\/revisions"}],"predecessor-version":[{"id":18043,"href":"https:\/\/putdr2test.web.uah.es\/en\/wp-json\/wp\/v2\/pages\/17455\/revisions\/18043"}],"wp:attachment":[{"href":"https:\/\/putdr2test.web.uah.es\/en\/wp-json\/wp\/v2\/media?parent=17455"}],"curies":[{"name":"wp","href":"https:\/\/api.w.org\/{rel}","templated":true}]}}